{"id":9950,"date":"2023-10-04T14:45:54","date_gmt":"2023-10-04T12:45:54","guid":{"rendered":"https:\/\/resthisard.seoagil.com\/fidelisard\/"},"modified":"2026-02-20T15:15:53","modified_gmt":"2026-02-20T14:15:53","slug":"fidelisard","status":"publish","type":"page","link":"https:\/\/restaurantisard.com\/fr\/fidelisard\/","title":{"rendered":"Fidelisard"},"content":{"rendered":"\t\t<div data-elementor-type=\"wp-post\" data-elementor-id=\"9950\" class=\"elementor elementor-9950 elementor-8148\" data-elementor-post-type=\"page\">\n\t\t\t\t<div class=\"elementor-element elementor-element-de9393e e-con-full e-flex e-con e-parent\" data-id=\"de9393e\" data-element_type=\"container\" data-settings=\"{&quot;background_background&quot;:&quot;classic&quot;}\">\n\t\t\t\t<div class=\"elementor-element elementor-element-fa96e8f elementor-widget elementor-widget-spacer\" data-id=\"fa96e8f\" data-element_type=\"widget\" data-widget_type=\"spacer.default\">\n\t\t\t\t<div class=\"elementor-widget-container\">\n\t\t\t\t\t\t\t<div class=\"elementor-spacer\">\n\t\t\t<div class=\"elementor-spacer-inner\"><\/div>\n\t\t<\/div>\n\t\t\t\t\t\t<\/div>\n\t\t\t\t<\/div>\n\t\t\t\t<div class=\"elementor-element elementor-element-5dba2f4 elementor-widget elementor-widget-heading\" data-id=\"5dba2f4\" data-element_type=\"widget\" data-widget_type=\"heading.default\">\n\t\t\t\t<div class=\"elementor-widget-container\">\n\t\t\t\t\t<h2 class=\"elementor-heading-title elementor-size-default\">Le m\u00eame plat <br>pour moins cher!<\/h2>\t\t\t\t<\/div>\n\t\t\t\t<\/div>\n\t\t\t\t<div class=\"elementor-element elementor-element-bef777b elementor-widget elementor-widget-spacer\" data-id=\"bef777b\" data-element_type=\"widget\" data-widget_type=\"spacer.default\">\n\t\t\t\t<div class=\"elementor-widget-container\">\n\t\t\t\t\t\t\t<div class=\"elementor-spacer\">\n\t\t\t<div class=\"elementor-spacer-inner\"><\/div>\n\t\t<\/div>\n\t\t\t\t\t\t<\/div>\n\t\t\t\t<\/div>\n\t\t\t\t<div class=\"elementor-element elementor-element-a8b4457 elementor-widget elementor-widget-text-editor\" data-id=\"a8b4457\" data-element_type=\"widget\" data-widget_type=\"text-editor.default\">\n\t\t\t\t<div class=\"elementor-widget-container\">\n\t\t\t\t\t\t\t\t\tDevenez fidelisard et profitez de nos r\u00e9ductions\t\t\t\t\t\t\t\t<\/div>\n\t\t\t\t<\/div>\n\t\t\t\t<div class=\"elementor-element elementor-element-a869916 elementor-widget elementor-widget-text-editor\" data-id=\"a869916\" data-element_type=\"widget\" data-widget_type=\"text-editor.default\">\n\t\t\t\t<div class=\"elementor-widget-container\">\n\t\t\t\t\t\t\t\t\t<ul>\n \t<li>5% de r\u00e9duction sur tous les plats.<\/li>\n \t<li>10% de r\u00e9duction sur les boissons.<\/li>\n<\/ul>\t\t\t\t\t\t\t\t<\/div>\n\t\t\t\t<\/div>\n\t\t\t\t<div class=\"elementor-element elementor-element-5979f64 elementor-widget elementor-widget-text-editor\" data-id=\"5979f64\" data-element_type=\"widget\" data-widget_type=\"text-editor.default\">\n\t\t\t\t<div class=\"elementor-widget-container\">\n\t\t\t\t\t\t\t\t\tConditions : les r\u00e9ductions se cumulent et seront valables lors de votre prochaine visite. Ils ne s\u2019appliquent pas aux menus.\t\t\t\t\t\t\t\t<\/div>\n\t\t\t\t<\/div>\n\t\t\t\t<div class=\"elementor-element elementor-element-e0c7fa1 elementor-widget elementor-widget-spacer\" data-id=\"e0c7fa1\" data-element_type=\"widget\" data-widget_type=\"spacer.default\">\n\t\t\t\t<div class=\"elementor-widget-container\">\n\t\t\t\t\t\t\t<div class=\"elementor-spacer\">\n\t\t\t<div class=\"elementor-spacer-inner\"><\/div>\n\t\t<\/div>\n\t\t\t\t\t\t<\/div>\n\t\t\t\t<\/div>\n\t\t<div class=\"elementor-element elementor-element-f9cec08 e-flex e-con-boxed e-con e-child\" data-id=\"f9cec08\" data-element_type=\"container\">\n\t\t\t\t\t<div class=\"e-con-inner\">\n\t\t<div class=\"elementor-element elementor-element-e289bf1 e-con-full e-flex e-con e-child\" data-id=\"e289bf1\" data-element_type=\"container\">\n\t\t\t\t<div class=\"elementor-element elementor-element-907cef1 elementor-widget elementor-widget-image\" data-id=\"907cef1\" data-element_type=\"widget\" data-widget_type=\"image.default\">\n\t\t\t\t<div class=\"elementor-widget-container\">\n\t\t\t\t\t\t\t\t\t\t\t\t\t\t\t<img fetchpriority=\"high\" decoding=\"async\" width=\"1766\" height=\"1203\" src=\"https:\/\/restaurantisard.com\/wp-content\/uploads\/2024\/11\/bacalla-1766.jpg\" class=\"attachment-full size-full wp-image-13279\" alt=\"\" srcset=\"https:\/\/restaurantisard.com\/wp-content\/uploads\/2024\/11\/bacalla-1766.jpg 1766w, https:\/\/restaurantisard.com\/wp-content\/uploads\/2024\/11\/bacalla-1766-300x204.jpg 300w, https:\/\/restaurantisard.com\/wp-content\/uploads\/2024\/11\/bacalla-1766-1024x698.jpg 1024w, https:\/\/restaurantisard.com\/wp-content\/uploads\/2024\/11\/bacalla-1766-768x523.jpg 768w, https:\/\/restaurantisard.com\/wp-content\/uploads\/2024\/11\/bacalla-1766-1536x1046.jpg 1536w\" sizes=\"(max-width: 1766px) 100vw, 1766px\" \/>\t\t\t\t\t\t\t\t\t\t\t\t\t\t\t<\/div>\n\t\t\t\t<\/div>\n\t\t\t\t<\/div>\n\t\t<div class=\"elementor-element elementor-element-02bef8e e-con-full e-flex e-con e-child\" data-id=\"02bef8e\" data-element_type=\"container\">\n\t\t\t\t<div class=\"elementor-element elementor-element-ead1e8f elementor-widget elementor-widget-image\" data-id=\"ead1e8f\" data-element_type=\"widget\" data-widget_type=\"image.default\">\n\t\t\t\t<div class=\"elementor-widget-container\">\n\t\t\t\t\t\t\t\t\t\t\t\t\t\t\t<img decoding=\"async\" width=\"409\" height=\"409\" src=\"https:\/\/restaurantisard.com\/wp-content\/uploads\/2023\/11\/FIDELITAT-FR.png\" class=\"attachment-full size-full wp-image-10421\" alt=\"\" srcset=\"https:\/\/restaurantisard.com\/wp-content\/uploads\/2023\/11\/FIDELITAT-FR.png 409w, https:\/\/restaurantisard.com\/wp-content\/uploads\/2023\/11\/FIDELITAT-FR-300x300.png 300w, https:\/\/restaurantisard.com\/wp-content\/uploads\/2023\/11\/FIDELITAT-FR-100x100.png 100w, https:\/\/restaurantisard.com\/wp-content\/uploads\/2023\/11\/FIDELITAT-FR-150x150.png 150w\" sizes=\"(max-width: 409px) 100vw, 409px\" \/>\t\t\t\t\t\t\t\t\t\t\t\t\t\t\t<\/div>\n\t\t\t\t<\/div>\n\t\t\t\t<\/div>\n\t\t\t\t\t<\/div>\n\t\t\t\t<\/div>\n\t\t<div class=\"elementor-element elementor-element-9fdda35 e-flex e-con-boxed e-con e-child\" data-id=\"9fdda35\" data-element_type=\"container\">\n\t\t\t\t\t<div class=\"e-con-inner\">\n\t\t\t\t<div class=\"elementor-element elementor-element-be409be elementor-widget elementor-widget-text-editor\" data-id=\"be409be\" data-element_type=\"widget\" data-widget_type=\"text-editor.default\">\n\t\t\t\t<div class=\"elementor-widget-container\">\n\t\t\t\t\t\t\t\t\t<p>Remplissez le formulaire suivant et pr\u00e9parez-vous \u00e0 vivre la meilleure exp\u00e9rience culinaire en Andorre au meilleur prix :<\/p>\t\t\t\t\t\t\t\t<\/div>\n\t\t\t\t<\/div>\n\t\t\t\t\t<\/div>\n\t\t\t\t<\/div>\n\t\t<div class=\"elementor-element elementor-element-aff27de e-flex e-con-boxed e-con e-child\" data-id=\"aff27de\" data-element_type=\"container\">\n\t\t\t\t\t<div class=\"e-con-inner\">\n\t\t<div class=\"elementor-element elementor-element-79d0d3b e-flex e-con-boxed e-con e-child\" data-id=\"79d0d3b\" data-element_type=\"container\" data-settings=\"{&quot;background_background&quot;:&quot;classic&quot;}\">\n\t\t\t\t\t<div class=\"e-con-inner\">\n\t\t\t\t<div class=\"elementor-element elementor-element-44697cb elementor-widget elementor-widget-html\" data-id=\"44697cb\" data-element_type=\"widget\" data-widget_type=\"html.default\">\n\t\t\t\t<div class=\"elementor-widget-container\">\n\t\t\t\t\t<script type=\"text\/javascript\">var gform;gform||(document.addEventListener(\"gform_main_scripts_loaded\",function(){gform.scriptsLoaded=!0}),window.addEventListener(\"DOMContentLoaded\",function(){gform.domLoaded=!0}),gform={domLoaded:!1,scriptsLoaded:!1,initializeOnLoaded:function(o){gform.domLoaded&&gform.scriptsLoaded?o():!gform.domLoaded&&gform.scriptsLoaded?window.addEventListener(\"DOMContentLoaded\",o):document.addEventListener(\"gform_main_scripts_loaded\",o)},hooks:{action:{},filter:{}},addAction:function(o,n,r,t){gform.addHook(\"action\",o,n,r,t)},addFilter:function(o,n,r,t){gform.addHook(\"filter\",o,n,r,t)},doAction:function(o){gform.doHook(\"action\",o,arguments)},applyFilters:function(o){return gform.doHook(\"filter\",o,arguments)},removeAction:function(o,n){gform.removeHook(\"action\",o,n)},removeFilter:function(o,n,r){gform.removeHook(\"filter\",o,n,r)},addHook:function(o,n,r,t,i){null==gform.hooks[o][n]&&(gform.hooks[o][n]=[]);var e=gform.hooks[o][n];null==i&&(i=n+\"_\"+e.length),gform.hooks[o][n].push({tag:i,callable:r,priority:t=null==t?10:t})},doHook:function(n,o,r){var t;if(r=Array.prototype.slice.call(r,1),null!=gform.hooks[n][o]&&((o=gform.hooks[n][o]).sort(function(o,n){return o.priority-n.priority}),o.forEach(function(o){\"function\"!=typeof(t=o.callable)&&(t=window[t]),\"action\"==n?t.apply(null,r):r[0]=t.apply(null,r)})),\"filter\"==n)return r[0]},removeHook:function(o,n,t,i){var r;null!=gform.hooks[o][n]&&(r=(r=gform.hooks[o][n]).filter(function(o,n,r){return!!(null!=i&&i!=o.tag||null!=t&&t!=o.priority)}),gform.hooks[o][n]=r)}});<\/script>\n                <div class='gf_browser_gecko gform_wrapper gravity-theme gform-theme--no-framework' data-form-theme='gravity-theme' data-form-index='0' id='gform_wrapper_17' >\n                        <div class='gform_heading'>\n                            <p class='gform_description'><\/p>\n                        <\/div><form method='post' enctype='multipart\/form-data'  id='gform_17'  action='\/fr\/wp-json\/wp\/v2\/pages\/9950' data-formid='17' novalidate>\n                        <div class='gform-body gform_body'><div id='gform_fields_17' class='gform_fields top_label form_sublabel_below description_below'><div id=\"field_17_3\" class=\"gfield gfield--type-text gfield--width-full gfield_contains_required field_sublabel_below gfield--no-description field_description_below hidden_label gfield_visibility_visible\"  data-js-reload=\"field_17_3\" ><label class='gfield_label gform-field-label' for='input_17_3'>Nombre y apellido<span class=\"gfield_required\"><span class=\"gfield_required gfield_required_text\">(N\u00e9cessaire)<\/span><\/span><\/label><div class='ginput_container ginput_container_text'><input name='input_3' id='input_17_3' type='text' value='' class='large'    placeholder='Nom et pr\u00e9nom' aria-required=\"true\" aria-invalid=\"false\"   \/> <\/div><\/div><div id=\"field_17_5\" class=\"gfield gfield--type-email gfield--width-full gfield_contains_required field_sublabel_below gfield--no-description field_description_below hidden_label gfield_visibility_visible\"  data-js-reload=\"field_17_5\" ><label class='gfield_label gform-field-label' for='input_17_5'>Email<span class=\"gfield_required\"><span class=\"gfield_required gfield_required_text\">(N\u00e9cessaire)<\/span><\/span><\/label><div class='ginput_container ginput_container_email'>\n                            <input name='input_5' id='input_17_5' type='email' value='' class='large'   placeholder='Email' aria-required=\"true\" aria-invalid=\"false\"  \/>\n                        <\/div><\/div><div id=\"field_17_1\" class=\"gfield gfield--type-text gfield_contains_required field_sublabel_below gfield--no-description field_description_below hidden_label gfield_visibility_visible\"  data-js-reload=\"field_17_1\" ><label class='gfield_label gform-field-label' for='input_17_1'>Tel\u00e9fono<span class=\"gfield_required\"><span class=\"gfield_required gfield_required_text\">(N\u00e9cessaire)<\/span><\/span><\/label><div class='ginput_container ginput_container_text'><input name='input_1' id='input_17_1' type='text' value='' class='large'    placeholder='T\u00e9l\u00e9phone' aria-required=\"true\" aria-invalid=\"false\"   \/> <\/div><\/div><div id=\"field_17_6\" class=\"gfield gfield--type-date gfield--input-type-datepicker gfield--datepicker-no-icon gfield--width-full gfield_contains_required field_sublabel_below gfield--no-description field_description_below hidden_label gfield_visibility_visible\"  data-js-reload=\"field_17_6\" ><label class='gfield_label gform-field-label' for='input_17_6'>Fecha de nacimiento<span class=\"gfield_required\"><span class=\"gfield_required gfield_required_text\">(N\u00e9cessaire)<\/span><\/span><\/label><div class='ginput_container ginput_container_date'>\n                            <input name='input_6' id='input_17_6' type='text' value='' class='datepicker gform-datepicker dmy datepicker_no_icon gdatepicker-no-icon'   placeholder='Date de naissance' aria-describedby=\"input_17_6_date_format\" aria-invalid=\"false\" aria-required=\"true\"\/>\n                            <span id='input_17_6_date_format' class='screen-reader-text'>JJ slash MM slash AAAA<\/span>\n                        <\/div>\n                        <input type='hidden' id='gforms_calendar_icon_input_17_6' class='gform_hidden' value='https:\/\/restaurantisard.com\/wp-content\/plugins\/gravityforms\/images\/datepicker\/datepicker.svg'\/><\/div><div id=\"field_17_4\" class=\"gfield gfield--type-text gfield--width-full field_sublabel_below gfield--no-description field_description_below hidden_label gfield_visibility_visible\"  data-js-reload=\"field_17_4\" ><label class='gfield_label gform-field-label' for='input_17_4'>Empresa<\/label><div class='ginput_container ginput_container_text'><input name='input_4' id='input_17_4' type='text' value='' class='large'    placeholder='Entreprise (opcional)'  aria-invalid=\"false\"   \/> <\/div><\/div><fieldset id=\"field_17_10\" class=\"gfield gfield--type-consent gfield--type-choice gfield--input-type-consent gfield--width-full gfield_contains_required field_sublabel_below gfield--no-description field_description_below hidden_label gfield_visibility_visible\"  data-js-reload=\"field_17_10\" ><legend class='gfield_label gform-field-label gfield_label_before_complex' >Consentimiento<span class=\"gfield_required\"><span class=\"gfield_required gfield_required_text\">(N\u00e9cessaire)<\/span><\/span><\/legend><div class='ginput_container ginput_container_consent'><input name='input_10.1' id='input_17_10_1' type='checkbox' value='1'   aria-required=\"true\" aria-invalid=\"false\"   \/> <label class=\"gform-field-label gform-field-label--type-inline gfield_consent_label\" for='input_17_10_1' >J'ai lu et j'accepte la  <a href=\"\/avis-juridique\/\" target=\"_blank\">clause de consentement<\/a><span class=\"gfield_required gfield_required_text\">(N\u00e9cessaire)<\/span><\/label><input type='hidden' name='input_10.2' value='J&#039;ai lu et j&#039;accepte la  &lt;a href=&quot;\/avis-juridique\/&quot; target=&quot;_blank&quot;&gt;clause de consentement&lt;\/a&gt;' class='gform_hidden' \/><input type='hidden' name='input_10.3' value='13' class='gform_hidden' \/><\/div><\/fieldset><\/div><\/div>\n        <div class='gform_footer top_label'> <input type='submit' id='gform_submit_button_17' class='gform_button button' value='Envoyer'  onclick='if(window[\"gf_submitting_17\"]){return false;}  if( !jQuery(\"#gform_17\")[0].checkValidity || jQuery(\"#gform_17\")[0].checkValidity()){window[\"gf_submitting_17\"]=true;}  ' onkeypress='if( event.keyCode == 13 ){ if(window[\"gf_submitting_17\"]){return false;} if( !jQuery(\"#gform_17\")[0].checkValidity || jQuery(\"#gform_17\")[0].checkValidity()){window[\"gf_submitting_17\"]=true;}  jQuery(\"#gform_17\").trigger(\"submit\",[true]); }' \/> \n            <input type='hidden' class='gform_hidden' name='is_submit_17' value='1' \/>\n            <input type='hidden' class='gform_hidden' name='gform_submit' value='17' \/>\n            \n            <input type='hidden' class='gform_hidden' name='gform_unique_id' value='' \/>\n            <input type='hidden' class='gform_hidden' name='state_17' value='WyJ7XCIxMC4xXCI6XCJhMjBlNWQyZWEyYmZjM2VhM2ZiMmUyNjg0NmI4MWFlYVwiLFwiMTAuMlwiOlwiMjNiM2QzYmUxZjM1NDBkOTFmMWViOTdhMjBlZDQ2OGZcIixcIjEwLjNcIjpcIjk1MDU2ZTk3MjU2MTJkZjY5ZTQ2OGE2YWY4NzIzNTBmXCJ9IiwiZWMxYTNkMjcyOWRkODY4MDU2MzY4YjA5M2M0MjFiYjIiXQ==' \/>\n            <input type='hidden' class='gform_hidden' name='gform_target_page_number_17' id='gform_target_page_number_17' value='0' \/>\n            <input type='hidden' class='gform_hidden' name='gform_source_page_number_17' id='gform_source_page_number_17' value='1' \/>\n            <input type='hidden' name='gform_field_values' value='' \/>\n            \n        <\/div>\n                        <\/form>\n                        <\/div><script>\ngform.initializeOnLoaded( function() {gformInitSpinner( 17, 'https:\/\/restaurantisard.com\/wp-content\/plugins\/gravityforms\/images\/spinner.svg', true );jQuery('#gform_ajax_frame_17').on('load',function(){var contents = jQuery(this).contents().find('*').html();var is_postback = contents.indexOf('GF_AJAX_POSTBACK') >= 0;if(!is_postback){return;}var form_content = jQuery(this).contents().find('#gform_wrapper_17');var is_confirmation = jQuery(this).contents().find('#gform_confirmation_wrapper_17').length > 0;var is_redirect = contents.indexOf('gformRedirect(){') >= 0;var is_form = form_content.length > 0 && ! is_redirect && ! is_confirmation;var mt = parseInt(jQuery('html').css('margin-top'), 10) + parseInt(jQuery('body').css('margin-top'), 10) + 100;if(is_form){jQuery('#gform_wrapper_17').html(form_content.html());if(form_content.hasClass('gform_validation_error')){jQuery('#gform_wrapper_17').addClass('gform_validation_error');} else {jQuery('#gform_wrapper_17').removeClass('gform_validation_error');}setTimeout( function() { \/* delay the scroll by 50 milliseconds to fix a bug in chrome *\/  }, 50 );if(window['gformInitDatepicker']) {gformInitDatepicker();}if(window['gformInitPriceFields']) {gformInitPriceFields();}var current_page = jQuery('#gform_source_page_number_17').val();gformInitSpinner( 17, 'https:\/\/restaurantisard.com\/wp-content\/plugins\/gravityforms\/images\/spinner.svg', true );jQuery(document).trigger('gform_page_loaded', [17, current_page]);window['gf_submitting_17'] = false;}else if(!is_redirect){var confirmation_content = jQuery(this).contents().find('.GF_AJAX_POSTBACK').html();if(!confirmation_content){confirmation_content = contents;}setTimeout(function(){jQuery('#gform_wrapper_17').replaceWith(confirmation_content);jQuery(document).trigger('gform_confirmation_loaded', [17]);window['gf_submitting_17'] = false;wp.a11y.speak(jQuery('#gform_confirmation_message_17').text());}, 50);}else{jQuery('#gform_17').append(contents);if(window['gformRedirect']) {gformRedirect();}}jQuery(document).trigger('gform_post_render', [17, current_page]);gform.utils.trigger({ event: 'gform\/postRender', native: false, data: { formId: 17, currentPage: current_page } });} );} );\n<\/script>\n\t\t\t\t<\/div>\n\t\t\t\t<\/div>\n\t\t\t\t\t<\/div>\n\t\t\t\t<\/div>\n\t\t\t\t\t<\/div>\n\t\t\t\t<\/div>\n\t\t\t\t<\/div>\n\t\t\t\t<\/div>\n\t\t","protected":false},"excerpt":{"rendered":"<p>Le m\u00eame plat pour moins cher! Devenez fidelisard et profitez de nos r\u00e9ductions 5% de r\u00e9duction sur tous les plats. 10% de r\u00e9duction sur les boissons. Conditions : les r\u00e9ductions se cumulent et seront valables lors de votre prochaine visite. Ils ne s\u2019appliquent pas aux menus. Remplissez le formulaire suivant et pr\u00e9parez-vous \u00e0 vivre la [&hellip;]<\/p>\n","protected":false},"author":4,"featured_media":0,"parent":0,"menu_order":0,"comment_status":"closed","ping_status":"closed","template":"","meta":{"_acf_changed":false,"ocean_post_layout":"","ocean_both_sidebars_style":"","ocean_both_sidebars_content_width":0,"ocean_both_sidebars_sidebars_width":0,"ocean_sidebar":"0","ocean_second_sidebar":"0","ocean_disable_margins":"on","ocean_add_body_class":"","ocean_shortcode_before_top_bar":"","ocean_shortcode_after_top_bar":"","ocean_shortcode_before_header":"","ocean_shortcode_after_header":"","ocean_has_shortcode":"","ocean_shortcode_after_title":"","ocean_shortcode_before_footer_widgets":"","ocean_shortcode_after_footer_widgets":"","ocean_shortcode_before_footer_bottom":"","ocean_shortcode_after_footer_bottom":"","ocean_display_top_bar":"default","ocean_display_header":"default","ocean_header_style":"","ocean_center_header_left_menu":"0","ocean_custom_header_template":"0","ocean_custom_logo":0,"ocean_custom_retina_logo":0,"ocean_custom_logo_max_width":0,"ocean_custom_logo_tablet_max_width":0,"ocean_custom_logo_mobile_max_width":0,"ocean_custom_logo_max_height":0,"ocean_custom_logo_tablet_max_height":0,"ocean_custom_logo_mobile_max_height":0,"ocean_header_custom_menu":"0","ocean_menu_typo_font_family":"0","ocean_menu_typo_font_subset":"","ocean_menu_typo_font_size":0,"ocean_menu_typo_font_size_tablet":0,"ocean_menu_typo_font_size_mobile":0,"ocean_menu_typo_font_size_unit":"px","ocean_menu_typo_font_weight":"","ocean_menu_typo_font_weight_tablet":"","ocean_menu_typo_font_weight_mobile":"","ocean_menu_typo_transform":"","ocean_menu_typo_transform_tablet":"","ocean_menu_typo_transform_mobile":"","ocean_menu_typo_line_height":0,"ocean_menu_typo_line_height_tablet":0,"ocean_menu_typo_line_height_mobile":0,"ocean_menu_typo_line_height_unit":"","ocean_menu_typo_spacing":0,"ocean_menu_typo_spacing_tablet":0,"ocean_menu_typo_spacing_mobile":0,"ocean_menu_typo_spacing_unit":"","ocean_menu_link_color":"","ocean_menu_link_color_hover":"","ocean_menu_link_color_active":"","ocean_menu_link_background":"","ocean_menu_link_hover_background":"","ocean_menu_link_active_background":"","ocean_menu_social_links_bg":"","ocean_menu_social_hover_links_bg":"","ocean_menu_social_links_color":"","ocean_menu_social_hover_links_color":"","ocean_disable_title":"on","ocean_disable_heading":"default","ocean_post_title":"","ocean_post_subheading":"","ocean_post_title_style":"","ocean_post_title_background_color":"","ocean_post_title_background":0,"ocean_post_title_bg_image_position":"","ocean_post_title_bg_image_attachment":"","ocean_post_title_bg_image_repeat":"","ocean_post_title_bg_image_size":"","ocean_post_title_height":0,"ocean_post_title_bg_overlay":0.5,"ocean_post_title_bg_overlay_color":"","ocean_disable_breadcrumbs":"default","ocean_breadcrumbs_color":"","ocean_breadcrumbs_separator_color":"","ocean_breadcrumbs_links_color":"","ocean_breadcrumbs_links_hover_color":"","ocean_display_footer_widgets":"default","ocean_display_footer_bottom":"default","ocean_custom_footer_template":"0","osh_disable_topbar_sticky":"default","osh_disable_header_sticky":"default","osh_sticky_header_style":"default","osh_sticky_header_effect":"","osh_custom_sticky_logo":0,"osh_custom_retina_sticky_logo":0,"osh_custom_sticky_logo_height":0,"osh_background_color":"","osh_links_color":"","osh_links_hover_color":"","osh_links_active_color":"","osh_links_bg_color":"","osh_links_hover_bg_color":"","osh_links_active_bg_color":"","osh_menu_social_links_color":"","osh_menu_social_hover_links_color":"","footnotes":""},"categoria_pagina":[],"class_list":["post-9950","page","type-page","status-publish","hentry","entry"],"acf":[],"_links":{"self":[{"href":"https:\/\/restaurantisard.com\/fr\/wp-json\/wp\/v2\/pages\/9950","targetHints":{"allow":["GET"]}}],"collection":[{"href":"https:\/\/restaurantisard.com\/fr\/wp-json\/wp\/v2\/pages"}],"about":[{"href":"https:\/\/restaurantisard.com\/fr\/wp-json\/wp\/v2\/types\/page"}],"author":[{"embeddable":true,"href":"https:\/\/restaurantisard.com\/fr\/wp-json\/wp\/v2\/users\/4"}],"replies":[{"embeddable":true,"href":"https:\/\/restaurantisard.com\/fr\/wp-json\/wp\/v2\/comments?post=9950"}],"version-history":[{"count":3,"href":"https:\/\/restaurantisard.com\/fr\/wp-json\/wp\/v2\/pages\/9950\/revisions"}],"predecessor-version":[{"id":14701,"href":"https:\/\/restaurantisard.com\/fr\/wp-json\/wp\/v2\/pages\/9950\/revisions\/14701"}],"wp:attachment":[{"href":"https:\/\/restaurantisard.com\/fr\/wp-json\/wp\/v2\/media?parent=9950"}],"wp:term":[{"taxonomy":"categoria_pagina","embeddable":true,"href":"https:\/\/restaurantisard.com\/fr\/wp-json\/wp\/v2\/categoria_pagina?post=9950"}],"curies":[{"name":"wp","href":"https:\/\/api.w.org\/{rel}","templated":true}]}}