{"id":9839,"date":"2023-11-17T17:45:25","date_gmt":"2023-11-17T16:45:25","guid":{"rendered":"https:\/\/resthisard.seoagil.com\/nochevieja\/"},"modified":"2023-12-04T11:57:48","modified_gmt":"2023-12-04T10:57:48","slug":"cap-dany","status":"publish","type":"page","link":"https:\/\/restaurantisard.com\/ca\/cap-dany\/","title":{"rendered":"Cap d&#8217;any"},"content":{"rendered":"\t\t<div data-elementor-type=\"wp-post\" data-elementor-id=\"9839\" class=\"elementor elementor-9839 elementor-9547\" data-elementor-post-type=\"page\">\n\t\t\t\t<div class=\"elementor-element elementor-element-de9393e e-con-full e-flex e-con e-parent\" data-id=\"de9393e\" data-element_type=\"container\" data-settings=\"{&quot;background_background&quot;:&quot;classic&quot;}\">\n\t\t<div class=\"elementor-element elementor-element-f9cec08 e-flex e-con-boxed e-con e-child\" data-id=\"f9cec08\" data-element_type=\"container\">\n\t\t\t\t\t<div class=\"e-con-inner\">\n\t\t<div class=\"elementor-element elementor-element-e289bf1 e-con-full e-flex e-con e-child\" data-id=\"e289bf1\" data-element_type=\"container\">\n\t\t<div class=\"elementor-element elementor-element-2c392e6 e-flex e-con-boxed e-con e-child\" data-id=\"2c392e6\" data-element_type=\"container\" data-settings=\"{&quot;background_background&quot;:&quot;classic&quot;}\">\n\t\t\t\t\t<div class=\"e-con-inner\">\n\t\t\t\t<div class=\"elementor-element elementor-element-4c555f0 elementor-widget elementor-widget-heading\" data-id=\"4c555f0\" data-element_type=\"widget\" data-widget_type=\"heading.default\">\n\t\t\t\t<div class=\"elementor-widget-container\">\n\t\t\t\t\t<h2 class=\"elementor-heading-title elementor-size-default\">Cap d'any<\/h2>\t\t\t\t<\/div>\n\t\t\t\t<\/div>\n\t\t\t\t\t<\/div>\n\t\t\t\t<\/div>\n\t\t\t\t<\/div>\n\t\t\t\t\t<\/div>\n\t\t\t\t<\/div>\n\t\t\t\t<\/div>\n\t\t<div class=\"elementor-element elementor-element-4ae1711 e-flex e-con-boxed e-con e-child\" data-id=\"4ae1711\" data-element_type=\"container\">\n\t\t\t\t\t<div class=\"e-con-inner\">\n\t\t\t\t<div class=\"elementor-element elementor-element-fdca641 elementor-widget elementor-widget-text-editor\" data-id=\"fdca641\" data-element_type=\"widget\" data-widget_type=\"text-editor.default\">\n\t\t\t\t<div class=\"elementor-widget-container\">\n\t\t\t\t\t\t\t\t\t<p>Dia: 31 de desembre<br \/>Hora: 20:00 &#8211; 22:30<\/p>\t\t\t\t\t\t\t\t<\/div>\n\t\t\t\t<\/div>\n\t\t\t\t<div class=\"elementor-element elementor-element-04697a9 elementor-widget elementor-widget-text-editor\" data-id=\"04697a9\" data-element_type=\"widget\" data-widget_type=\"text-editor.default\">\n\t\t\t\t<div class=\"elementor-widget-container\">\n\t\t\t\t\t\t\t\t\t<p>A l&#8217;Hotel de L\u2019Isard ens encanta celebrar. Si somies amb una nit de Cap d&#8217;Any especial, no pots deixar passar l&#8217;oportunitat de celebrar-la al Restaurant de L\u2019Isard, un espai elegant amb un toc exclusiu, \u00fanic a la ciutat d\u2019Andorra. Ara pots gaudir del teu sopar de Cap d&#8217;Any amb nosaltres afegint aquesta experi\u00e8ncia a la teva estada. El nostre Men\u00fa Degustaci\u00f3 consta de 7 plats (3 primers, 3 segons i les postres) tots ells creats i elaborats pel nostre Xef Roger Biosca. <span style=\"text-decoration: underline;\"><a href=\"https:\/\/restaurantisard.com\/CARTAS\/TOT_NADAL_2023_CAT_ES.pdf\">Veure Men\u00fa<\/a><\/span><\/p>\t\t\t\t\t\t\t\t<\/div>\n\t\t\t\t<\/div>\n\t\t\t\t\t<\/div>\n\t\t\t\t<\/div>\n\t\t<div class=\"elementor-element elementor-element-7f3b608 e-flex e-con-boxed e-con e-parent\" data-id=\"7f3b608\" data-element_type=\"container\">\n\t\t\t\t\t<div class=\"e-con-inner\">\n\t\t<div class=\"elementor-element elementor-element-3dff379 e-con-full e-flex e-con e-child\" data-id=\"3dff379\" data-element_type=\"container\">\n\t\t\t\t<div class=\"elementor-element elementor-element-06e97cb elementor-widget elementor-widget-image\" data-id=\"06e97cb\" data-element_type=\"widget\" data-widget_type=\"image.default\">\n\t\t\t\t<div class=\"elementor-widget-container\">\n\t\t\t\t\t\t\t\t\t\t\t\t\t\t\t<img fetchpriority=\"high\" decoding=\"async\" width=\"1150\" height=\"500\" src=\"https:\/\/restaurantisard.com\/wp-content\/uploads\/2023\/12\/Nadal_Ostra_1150X500.jpg\" class=\"attachment-full size-full wp-image-11140\" alt=\"\" srcset=\"https:\/\/restaurantisard.com\/wp-content\/uploads\/2023\/12\/Nadal_Ostra_1150X500.jpg 1150w, https:\/\/restaurantisard.com\/wp-content\/uploads\/2023\/12\/Nadal_Ostra_1150X500-600x261.jpg 600w, https:\/\/restaurantisard.com\/wp-content\/uploads\/2023\/12\/Nadal_Ostra_1150X500-300x130.jpg 300w, https:\/\/restaurantisard.com\/wp-content\/uploads\/2023\/12\/Nadal_Ostra_1150X500-1024x445.jpg 1024w, https:\/\/restaurantisard.com\/wp-content\/uploads\/2023\/12\/Nadal_Ostra_1150X500-768x334.jpg 768w\" sizes=\"(max-width: 1150px) 100vw, 1150px\" \/>\t\t\t\t\t\t\t\t\t\t\t\t\t\t\t<\/div>\n\t\t\t\t<\/div>\n\t\t\t\t<div class=\"elementor-element elementor-element-fa8ab9f elementor-align-center link-flecha negro elementor-mobile-align-center elementor-widget__width-auto elementor-widget elementor-widget-button\" data-id=\"fa8ab9f\" data-element_type=\"widget\" data-widget_type=\"button.default\">\n\t\t\t\t<div class=\"elementor-widget-container\">\n\t\t\t\t\t\t\t\t\t<div class=\"elementor-button-wrapper\">\n\t\t\t\t\t<a class=\"elementor-button elementor-button-link elementor-size-sm\" href=\"https:\/\/restaurantisard.com\/ca\/esdeveniments\/\">\n\t\t\t\t\t\t<span class=\"elementor-button-content-wrapper\">\n\t\t\t\t\t\t\t\t\t<span class=\"elementor-button-text\">M\u00c9S ESDEVENIMENTS<\/span>\n\t\t\t\t\t<\/span>\n\t\t\t\t\t<\/a>\n\t\t\t\t<\/div>\n\t\t\t\t\t\t\t\t<\/div>\n\t\t\t\t<\/div>\n\t\t\t\t<\/div>\n\t\t\t\t\t<\/div>\n\t\t\t\t<\/div>\n\t\t\t\t<\/div>\n\t\t","protected":false},"excerpt":{"rendered":"<p>Cap d&#8217;any Dia: 31 de desembreHora: 20:00 &#8211; 22:30 A l&#8217;Hotel de L\u2019Isard ens encanta celebrar. Si somies amb una nit de Cap d&#8217;Any especial, no pots deixar passar l&#8217;oportunitat de celebrar-la al Restaurant de L\u2019Isard, un espai elegant amb un toc exclusiu, \u00fanic a la ciutat d\u2019Andorra. Ara pots gaudir del teu sopar de [&hellip;]<\/p>\n","protected":false},"author":4,"featured_media":0,"parent":0,"menu_order":0,"comment_status":"closed","ping_status":"closed","template":"","meta":{"_acf_changed":false,"ocean_post_layout":"","ocean_both_sidebars_style":"","ocean_both_sidebars_content_width":0,"ocean_both_sidebars_sidebars_width":0,"ocean_sidebar":"0","ocean_second_sidebar":"0","ocean_disable_margins":"on","ocean_add_body_class":"","ocean_shortcode_before_top_bar":"","ocean_shortcode_after_top_bar":"","ocean_shortcode_before_header":"","ocean_shortcode_after_header":"","ocean_has_shortcode":"","ocean_shortcode_after_title":"","ocean_shortcode_before_footer_widgets":"","ocean_shortcode_after_footer_widgets":"","ocean_shortcode_before_footer_bottom":"","ocean_shortcode_after_footer_bottom":"","ocean_display_top_bar":"default","ocean_display_header":"default","ocean_header_style":"","ocean_center_header_left_menu":"0","ocean_custom_header_template":"0","ocean_custom_logo":0,"ocean_custom_retina_logo":0,"ocean_custom_logo_max_width":0,"ocean_custom_logo_tablet_max_width":0,"ocean_custom_logo_mobile_max_width":0,"ocean_custom_logo_max_height":0,"ocean_custom_logo_tablet_max_height":0,"ocean_custom_logo_mobile_max_height":0,"ocean_header_custom_menu":"0","ocean_menu_typo_font_family":"0","ocean_menu_typo_font_subset":"","ocean_menu_typo_font_size":0,"ocean_menu_typo_font_size_tablet":0,"ocean_menu_typo_font_size_mobile":0,"ocean_menu_typo_font_size_unit":"px","ocean_menu_typo_font_weight":"","ocean_menu_typo_font_weight_tablet":"","ocean_menu_typo_font_weight_mobile":"","ocean_menu_typo_transform":"","ocean_menu_typo_transform_tablet":"","ocean_menu_typo_transform_mobile":"","ocean_menu_typo_line_height":0,"ocean_menu_typo_line_height_tablet":0,"ocean_menu_typo_line_height_mobile":0,"ocean_menu_typo_line_height_unit":"","ocean_menu_typo_spacing":0,"ocean_menu_typo_spacing_tablet":0,"ocean_menu_typo_spacing_mobile":0,"ocean_menu_typo_spacing_unit":"","ocean_menu_link_color":"","ocean_menu_link_color_hover":"","ocean_menu_link_color_active":"","ocean_menu_link_background":"","ocean_menu_link_hover_background":"","ocean_menu_link_active_background":"","ocean_menu_social_links_bg":"","ocean_menu_social_hover_links_bg":"","ocean_menu_social_links_color":"","ocean_menu_social_hover_links_color":"","ocean_disable_title":"on","ocean_disable_heading":"default","ocean_post_title":"","ocean_post_subheading":"","ocean_post_title_style":"","ocean_post_title_background_color":"","ocean_post_title_background":0,"ocean_post_title_bg_image_position":"","ocean_post_title_bg_image_attachment":"","ocean_post_title_bg_image_repeat":"","ocean_post_title_bg_image_size":"","ocean_post_title_height":0,"ocean_post_title_bg_overlay":0.5,"ocean_post_title_bg_overlay_color":"","ocean_disable_breadcrumbs":"default","ocean_breadcrumbs_color":"","ocean_breadcrumbs_separator_color":"","ocean_breadcrumbs_links_color":"","ocean_breadcrumbs_links_hover_color":"","ocean_display_footer_widgets":"default","ocean_display_footer_bottom":"default","ocean_custom_footer_template":"0","osh_disable_topbar_sticky":"default","osh_disable_header_sticky":"default","osh_sticky_header_style":"default","osh_sticky_header_effect":"","osh_custom_sticky_logo":0,"osh_custom_retina_sticky_logo":0,"osh_custom_sticky_logo_height":0,"osh_background_color":"","osh_links_color":"","osh_links_hover_color":"","osh_links_active_color":"","osh_links_bg_color":"","osh_links_hover_bg_color":"","osh_links_active_bg_color":"","osh_menu_social_links_color":"","osh_menu_social_hover_links_color":"","footnotes":""},"categoria_pagina":[52],"class_list":["post-9839","page","type-page","status-publish","hentry","categoria_pagina-eventos","entry"],"acf":[],"_links":{"self":[{"href":"https:\/\/restaurantisard.com\/ca\/wp-json\/wp\/v2\/pages\/9839","targetHints":{"allow":["GET"]}}],"collection":[{"href":"https:\/\/restaurantisard.com\/ca\/wp-json\/wp\/v2\/pages"}],"about":[{"href":"https:\/\/restaurantisard.com\/ca\/wp-json\/wp\/v2\/types\/page"}],"author":[{"embeddable":true,"href":"https:\/\/restaurantisard.com\/ca\/wp-json\/wp\/v2\/users\/4"}],"replies":[{"embeddable":true,"href":"https:\/\/restaurantisard.com\/ca\/wp-json\/wp\/v2\/comments?post=9839"}],"version-history":[{"count":0,"href":"https:\/\/restaurantisard.com\/ca\/wp-json\/wp\/v2\/pages\/9839\/revisions"}],"wp:attachment":[{"href":"https:\/\/restaurantisard.com\/ca\/wp-json\/wp\/v2\/media?parent=9839"}],"wp:term":[{"taxonomy":"categoria_pagina","embeddable":true,"href":"https:\/\/restaurantisard.com\/ca\/wp-json\/wp\/v2\/categoria_pagina?post=9839"}],"curies":[{"name":"wp","href":"https:\/\/api.w.org\/{rel}","templated":true}]}}