{"id":9674,"date":"2023-10-03T21:23:24","date_gmt":"2023-10-03T19:23:24","guid":{"rendered":"https:\/\/resthisard.seoagil.com\/chef\/"},"modified":"2023-11-24T12:17:07","modified_gmt":"2023-11-24T11:17:07","slug":"xef","status":"publish","type":"page","link":"https:\/\/restaurantisard.com\/ca\/xef\/","title":{"rendered":"XEF"},"content":{"rendered":"\t\t<div data-elementor-type=\"wp-post\" data-elementor-id=\"9674\" class=\"elementor elementor-9674 elementor-7682\" data-elementor-post-type=\"page\">\n\t\t\t\t<div class=\"elementor-element elementor-element-de9393e e-con-full e-flex e-con e-parent\" data-id=\"de9393e\" data-element_type=\"container\" data-settings=\"{&quot;background_background&quot;:&quot;classic&quot;}\">\n\t\t<div class=\"elementor-element elementor-element-109546c e-flex e-con-boxed e-con e-child\" data-id=\"109546c\" data-element_type=\"container\">\n\t\t\t\t\t<div class=\"e-con-inner\">\n\t\t<div class=\"elementor-element elementor-element-d2adb9e e-flex e-con-boxed e-con e-child\" data-id=\"d2adb9e\" data-element_type=\"container\">\n\t\t\t\t\t<div class=\"e-con-inner\">\n\t\t<div class=\"elementor-element elementor-element-48b4d6e e-con-full e-flex e-con e-child\" data-id=\"48b4d6e\" data-element_type=\"container\">\n\t\t\t\t<div class=\"elementor-element elementor-element-bd022ca elementor-widget elementor-widget-heading\" data-id=\"bd022ca\" data-element_type=\"widget\" data-widget_type=\"heading.default\">\n\t\t\t\t<div class=\"elementor-widget-container\">\n\t\t\t\t\t<h2 class=\"elementor-heading-title elementor-size-default\">El xef Roger Biosca<\/h2>\t\t\t\t<\/div>\n\t\t\t\t<\/div>\n\t\t\t\t<\/div>\n\t\t<div class=\"elementor-element elementor-element-8d7e970 e-con-full e-flex e-con e-child\" data-id=\"8d7e970\" data-element_type=\"container\">\n\t\t\t\t<div class=\"elementor-element elementor-element-7d29fc0 overlay elementor-widget elementor-widget-image\" data-id=\"7d29fc0\" data-element_type=\"widget\" data-widget_type=\"image.default\">\n\t\t\t\t<div class=\"elementor-widget-container\">\n\t\t\t\t\t\t\t\t\t\t\t\t\t\t\t<img fetchpriority=\"high\" decoding=\"async\" width=\"1310\" height=\"1654\" src=\"https:\/\/restaurantisard.com\/wp-content\/uploads\/2023\/10\/cuiner@2x.png\" class=\"attachment-full size-full wp-image-7414\" alt=\"\" srcset=\"https:\/\/restaurantisard.com\/wp-content\/uploads\/2023\/10\/cuiner@2x.png 1310w, https:\/\/restaurantisard.com\/wp-content\/uploads\/2023\/10\/cuiner@2x-600x758.png 600w, https:\/\/restaurantisard.com\/wp-content\/uploads\/2023\/10\/cuiner@2x-238x300.png 238w, https:\/\/restaurantisard.com\/wp-content\/uploads\/2023\/10\/cuiner@2x-811x1024.png 811w, https:\/\/restaurantisard.com\/wp-content\/uploads\/2023\/10\/cuiner@2x-768x970.png 768w, https:\/\/restaurantisard.com\/wp-content\/uploads\/2023\/10\/cuiner@2x-1217x1536.png 1217w\" sizes=\"(max-width: 1310px) 100vw, 1310px\" \/>\t\t\t\t\t\t\t\t\t\t\t\t\t\t\t<\/div>\n\t\t\t\t<\/div>\n\t\t\t\t<div class=\"elementor-element elementor-element-9cdd9e0 e-transform elementor-widget-divider--view-line elementor-widget elementor-widget-divider\" data-id=\"9cdd9e0\" data-element_type=\"widget\" data-settings=\"{&quot;_transform_rotateZ_effect&quot;:{&quot;unit&quot;:&quot;px&quot;,&quot;size&quot;:90,&quot;sizes&quot;:[]},&quot;_transform_rotateZ_effect_tablet&quot;:{&quot;unit&quot;:&quot;deg&quot;,&quot;size&quot;:&quot;&quot;,&quot;sizes&quot;:[]},&quot;_transform_rotateZ_effect_mobile&quot;:{&quot;unit&quot;:&quot;deg&quot;,&quot;size&quot;:&quot;&quot;,&quot;sizes&quot;:[]}}\" data-widget_type=\"divider.default\">\n\t\t\t\t<div class=\"elementor-widget-container\">\n\t\t\t\t\t\t\t<div class=\"elementor-divider\">\n\t\t\t<span class=\"elementor-divider-separator\">\n\t\t\t\t\t\t<\/span>\n\t\t<\/div>\n\t\t\t\t\t\t<\/div>\n\t\t\t\t<\/div>\n\t\t\t\t<\/div>\n\t\t<div class=\"elementor-element elementor-element-3e142a0 e-con-full e-flex e-con e-child\" data-id=\"3e142a0\" data-element_type=\"container\">\n\t\t\t\t<\/div>\n\t\t\t\t\t<\/div>\n\t\t\t\t<\/div>\n\t\t<div class=\"elementor-element elementor-element-74a56d3 e-flex e-con-boxed e-con e-child\" data-id=\"74a56d3\" data-element_type=\"container\">\n\t\t\t\t\t<div class=\"e-con-inner\">\n\t\t\t\t<div class=\"elementor-element elementor-element-2b400fc elementor-widget elementor-widget-heading\" data-id=\"2b400fc\" data-element_type=\"widget\" data-widget_type=\"heading.default\">\n\t\t\t\t<div class=\"elementor-widget-container\">\n\t\t\t\t\t<h3 class=\"elementor-heading-title elementor-size-default\">En Roger Biosca (Reus, 1974) es va formar com a cuiner professional a l'Escola d'Hostaleria i Turisme de Cambrils. La seva passi\u00f3 per la cuina la va heretar de la seva \u00e0via paterna, cuinera de professi\u00f3 i qui va treballar al llarg de la seva vida per a reconegudes cases de la zona com el Gran Hotel Londres de Reus.<\/h3>\t\t\t\t<\/div>\n\t\t\t\t<\/div>\n\t\t\t\t\t<\/div>\n\t\t\t\t<\/div>\n\t\t\t\t\t<\/div>\n\t\t\t\t<\/div>\n\t\t<div class=\"elementor-element elementor-element-ed5043c e-flex e-con-boxed e-con e-child\" data-id=\"ed5043c\" data-element_type=\"container\">\n\t\t\t\t\t<div class=\"e-con-inner\">\n\t\t<div class=\"elementor-element elementor-element-0fd77ec e-con-full e-flex e-con e-child\" data-id=\"0fd77ec\" data-element_type=\"container\">\n\t\t\t\t<div class=\"elementor-element elementor-element-0ef121d elementor-widget elementor-widget-image\" data-id=\"0ef121d\" data-element_type=\"widget\" data-widget_type=\"image.default\">\n\t\t\t\t<div class=\"elementor-widget-container\">\n\t\t\t\t\t\t\t\t\t\t\t\t\t\t\t<img decoding=\"async\" width=\"666\" height=\"980\" src=\"https:\/\/restaurantisard.com\/wp-content\/uploads\/2023\/10\/IMG_9468@2x.png\" class=\"attachment-full size-full wp-image-7700\" alt=\"\" srcset=\"https:\/\/restaurantisard.com\/wp-content\/uploads\/2023\/10\/IMG_9468@2x.png 666w, https:\/\/restaurantisard.com\/wp-content\/uploads\/2023\/10\/IMG_9468@2x-600x883.png 600w, https:\/\/restaurantisard.com\/wp-content\/uploads\/2023\/10\/IMG_9468@2x-204x300.png 204w\" sizes=\"(max-width: 666px) 100vw, 666px\" \/>\t\t\t\t\t\t\t\t\t\t\t\t\t\t\t<\/div>\n\t\t\t\t<\/div>\n\t\t\t\t<\/div>\n\t\t<div class=\"elementor-element elementor-element-a1eb674 e-con-full e-flex e-con e-child\" data-id=\"a1eb674\" data-element_type=\"container\">\n\t\t\t\t<div class=\"elementor-element elementor-element-68d9a78 elementor-widget elementor-widget-image\" data-id=\"68d9a78\" data-element_type=\"widget\" data-widget_type=\"image.default\">\n\t\t\t\t<div class=\"elementor-widget-container\">\n\t\t\t\t\t\t\t\t\t\t\t\t\t\t\t<img decoding=\"async\" width=\"1138\" height=\"978\" src=\"https:\/\/restaurantisard.com\/wp-content\/uploads\/2023\/10\/IMG_7105@2x.png\" class=\"attachment-full size-full wp-image-7704\" alt=\"\" srcset=\"https:\/\/restaurantisard.com\/wp-content\/uploads\/2023\/10\/IMG_7105@2x.png 1138w, https:\/\/restaurantisard.com\/wp-content\/uploads\/2023\/10\/IMG_7105@2x-600x516.png 600w, https:\/\/restaurantisard.com\/wp-content\/uploads\/2023\/10\/IMG_7105@2x-300x258.png 300w, https:\/\/restaurantisard.com\/wp-content\/uploads\/2023\/10\/IMG_7105@2x-1024x880.png 1024w, https:\/\/restaurantisard.com\/wp-content\/uploads\/2023\/10\/IMG_7105@2x-768x660.png 768w\" sizes=\"(max-width: 1138px) 100vw, 1138px\" \/>\t\t\t\t\t\t\t\t\t\t\t\t\t\t\t<\/div>\n\t\t\t\t<\/div>\n\t\t\t\t<\/div>\n\t\t\t\t\t<\/div>\n\t\t\t\t<\/div>\n\t\t<div class=\"elementor-element elementor-element-43da9ea e-flex e-con-boxed e-con e-child\" data-id=\"43da9ea\" data-element_type=\"container\">\n\t\t\t\t\t<div class=\"e-con-inner\">\n\t\t\t\t<div class=\"elementor-element elementor-element-6e0c34a elementor-widget elementor-widget-text-editor\" data-id=\"6e0c34a\" data-element_type=\"widget\" data-widget_type=\"text-editor.default\">\n\t\t\t\t<div class=\"elementor-widget-container\">\n\t\t\t\t\t\t\t\t\t<p>Durant la seva \u00e8poca acad\u00e8mica, especialment a l&#8217;etapa de perfeccionament, en Roger va compaginar els seus estudis amb l&#8217;aprenentatge a restaurants com la Grava del Morell, el Celler del ra\u00efm. Posteriorment, ja a la seva etapa professional, Roger va passar per les cuines del restaurant La Medussa, dirigit per la gastr\u00f2noma i docent culin\u00e0ria Mariona Quadrada, tamb\u00e9 nativa de Reus i de qui va aprendre la varietat dels aliments, l&#8217;estructura dels sabors i la seva definici\u00f3 , aix\u00ed com l&#8217;ess\u00e8ncia de l&#8217;estabilitat culin\u00e0ria.<\/p>\t\t\t\t\t\t\t\t<\/div>\n\t\t\t\t<\/div>\n\t\t\t\t\t<\/div>\n\t\t\t\t<\/div>\n\t\t<div class=\"elementor-element elementor-element-0ede784 e-flex e-con-boxed e-con e-child\" data-id=\"0ede784\" data-element_type=\"container\">\n\t\t\t\t\t<div class=\"e-con-inner\">\n\t\t<div class=\"elementor-element elementor-element-7927d93 e-con-full e-flex e-con e-child\" data-id=\"7927d93\" data-element_type=\"container\">\n\t\t\t\t<div class=\"elementor-element elementor-element-1b20bad elementor-widget elementor-widget-image\" data-id=\"1b20bad\" data-element_type=\"widget\" data-widget_type=\"image.default\">\n\t\t\t\t<div class=\"elementor-widget-container\">\n\t\t\t\t\t\t\t\t\t\t\t\t\t\t\t<img loading=\"lazy\" decoding=\"async\" width=\"694\" height=\"978\" src=\"https:\/\/restaurantisard.com\/wp-content\/uploads\/2023\/10\/ISARD-2016-50@2x.png\" class=\"attachment-full size-full wp-image-7717\" alt=\"\" srcset=\"https:\/\/restaurantisard.com\/wp-content\/uploads\/2023\/10\/ISARD-2016-50@2x.png 694w, https:\/\/restaurantisard.com\/wp-content\/uploads\/2023\/10\/ISARD-2016-50@2x-600x846.png 600w, https:\/\/restaurantisard.com\/wp-content\/uploads\/2023\/10\/ISARD-2016-50@2x-213x300.png 213w\" sizes=\"(max-width: 694px) 100vw, 694px\" \/>\t\t\t\t\t\t\t\t\t\t\t\t\t\t\t<\/div>\n\t\t\t\t<\/div>\n\t\t\t\t<\/div>\n\t\t<div class=\"elementor-element elementor-element-876335c e-con-full e-flex e-con e-child\" data-id=\"876335c\" data-element_type=\"container\">\n\t\t\t\t<div class=\"elementor-element elementor-element-9750241 elementor-widget elementor-widget-image\" data-id=\"9750241\" data-element_type=\"widget\" data-widget_type=\"image.default\">\n\t\t\t\t<div class=\"elementor-widget-container\">\n\t\t\t\t\t\t\t\t\t\t\t\t\t\t\t<img loading=\"lazy\" decoding=\"async\" width=\"684\" height=\"980\" src=\"https:\/\/restaurantisard.com\/wp-content\/uploads\/2023\/10\/carn@2x.png\" class=\"attachment-full size-full wp-image-7721\" alt=\"\" srcset=\"https:\/\/restaurantisard.com\/wp-content\/uploads\/2023\/10\/carn@2x.png 684w, https:\/\/restaurantisard.com\/wp-content\/uploads\/2023\/10\/carn@2x-600x860.png 600w, https:\/\/restaurantisard.com\/wp-content\/uploads\/2023\/10\/carn@2x-209x300.png 209w\" sizes=\"(max-width: 684px) 100vw, 684px\" \/>\t\t\t\t\t\t\t\t\t\t\t\t\t\t\t<\/div>\n\t\t\t\t<\/div>\n\t\t\t\t<\/div>\n\t\t<div class=\"elementor-element elementor-element-a738a76 e-con-full e-flex e-con e-child\" data-id=\"a738a76\" data-element_type=\"container\">\n\t\t\t\t<div class=\"elementor-element elementor-element-87d70d6 elementor-widget elementor-widget-image\" data-id=\"87d70d6\" data-element_type=\"widget\" data-widget_type=\"image.default\">\n\t\t\t\t<div class=\"elementor-widget-container\">\n\t\t\t\t\t\t\t\t\t\t\t\t\t\t\t<img loading=\"lazy\" decoding=\"async\" width=\"600\" height=\"978\" src=\"https:\/\/restaurantisard.com\/wp-content\/uploads\/2023\/10\/ISARD-2016-54@2x-2.png\" class=\"attachment-full size-full wp-image-7725\" alt=\"\" srcset=\"https:\/\/restaurantisard.com\/wp-content\/uploads\/2023\/10\/ISARD-2016-54@2x-2.png 600w, https:\/\/restaurantisard.com\/wp-content\/uploads\/2023\/10\/ISARD-2016-54@2x-2-184x300.png 184w\" sizes=\"(max-width: 600px) 100vw, 600px\" \/>\t\t\t\t\t\t\t\t\t\t\t\t\t\t\t<\/div>\n\t\t\t\t<\/div>\n\t\t\t\t<\/div>\n\t\t\t\t\t<\/div>\n\t\t\t\t<\/div>\n\t\t<div class=\"elementor-element elementor-element-caf3b42 e-flex e-con-boxed e-con e-child\" data-id=\"caf3b42\" data-element_type=\"container\">\n\t\t\t\t\t<div class=\"e-con-inner\">\n\t\t\t\t<div class=\"elementor-element elementor-element-bc000fd elementor-widget elementor-widget-text-editor\" data-id=\"bc000fd\" data-element_type=\"widget\" data-widget_type=\"text-editor.default\">\n\t\t\t\t<div class=\"elementor-widget-container\">\n\t\t\t\t\t\t\t\t\t<p class=\"p1\">El 2002 Roger comen\u00e7a com a segon de cuina a l&#8217;Hotel Aiguablava de Begur, on aprendr\u00e0 l&#8217;ofici de gastr\u00f2nom hoteler, amb una cuina local t\u00edpica de l&#8217;Empord\u00e0. Gr\u00e0cies a aquesta especialitzaci\u00f3, el 2009, Roger es trasllada a Andorra, on desenvolupar\u00e0 la resta de la seva carrera professional a reconeguts hotels de la zona com l&#8217;Hotel Termes Montbri\u00f3 o l&#8217;Hotel Roc Blanc, on exerceix de Xef durant m\u00e9s de 8 anys. Actualment, Roger \u00e9s el Xef executiu de l&#8217;Hotel &amp; Restaurant de L\u2019Isard, situat a l&#8217;Avda. Meritxell.<\/p><p class=\"p1\">La seva cuina es basa en la versatilitat dels seus plats amb productes de temporada, abastant influ\u00e8ncies catalanes, andorranes i franceses, i en qu\u00e8 no falta la combinaci\u00f3 de sabors amb un especial fons innovador.<\/p>\t\t\t\t\t\t\t\t<\/div>\n\t\t\t\t<\/div>\n\t\t\t\t\t<\/div>\n\t\t\t\t<\/div>\n\t\t\t\t<div class=\"elementor-element elementor-element-f35a9a7 elementor-align-center link-flecha blanca elementor-mobile-align-center elementor-widget elementor-widget-button\" data-id=\"f35a9a7\" data-element_type=\"widget\" data-widget_type=\"button.default\">\n\t\t\t\t<div class=\"elementor-widget-container\">\n\t\t\t\t\t\t\t\t\t<div class=\"elementor-button-wrapper\">\n\t\t\t\t\t<a class=\"elementor-button elementor-button-link elementor-size-sm\" href=\"https:\/\/restaurantisard.com\/ca\/oferta-gastronomica\/\">\n\t\t\t\t\t\t<span class=\"elementor-button-content-wrapper\">\n\t\t\t\t\t\t\t\t\t<span class=\"elementor-button-text\">Veure la nostra oferta gastron\u00f2mica<\/span>\n\t\t\t\t\t<\/span>\n\t\t\t\t\t<\/a>\n\t\t\t\t<\/div>\n\t\t\t\t\t\t\t\t<\/div>\n\t\t\t\t<\/div>\n\t\t\t\t<\/div>\n\t\t\t\t<\/div>\n\t\t","protected":false},"excerpt":{"rendered":"<p>El xef Roger Biosca En Roger Biosca (Reus, 1974) es va formar com a cuiner professional a l&#8217;Escola d&#8217;Hostaleria i Turisme de Cambrils. La seva passi\u00f3 per la cuina la va heretar de la seva \u00e0via paterna, cuinera de professi\u00f3 i qui va treballar al llarg de la seva vida per a reconegudes cases de [&hellip;]<\/p>\n","protected":false},"author":4,"featured_media":0,"parent":0,"menu_order":0,"comment_status":"closed","ping_status":"closed","template":"","meta":{"_acf_changed":false,"ocean_post_layout":"","ocean_both_sidebars_style":"","ocean_both_sidebars_content_width":0,"ocean_both_sidebars_sidebars_width":0,"ocean_sidebar":"0","ocean_second_sidebar":"0","ocean_disable_margins":"on","ocean_add_body_class":"","ocean_shortcode_before_top_bar":"","ocean_shortcode_after_top_bar":"","ocean_shortcode_before_header":"","ocean_shortcode_after_header":"","ocean_has_shortcode":"","ocean_shortcode_after_title":"","ocean_shortcode_before_footer_widgets":"","ocean_shortcode_after_footer_widgets":"","ocean_shortcode_before_footer_bottom":"","ocean_shortcode_after_footer_bottom":"","ocean_display_top_bar":"default","ocean_display_header":"default","ocean_header_style":"","ocean_center_header_left_menu":"0","ocean_custom_header_template":"0","ocean_custom_logo":0,"ocean_custom_retina_logo":0,"ocean_custom_logo_max_width":0,"ocean_custom_logo_tablet_max_width":0,"ocean_custom_logo_mobile_max_width":0,"ocean_custom_logo_max_height":0,"ocean_custom_logo_tablet_max_height":0,"ocean_custom_logo_mobile_max_height":0,"ocean_header_custom_menu":"0","ocean_menu_typo_font_family":"0","ocean_menu_typo_font_subset":"","ocean_menu_typo_font_size":0,"ocean_menu_typo_font_size_tablet":0,"ocean_menu_typo_font_size_mobile":0,"ocean_menu_typo_font_size_unit":"px","ocean_menu_typo_font_weight":"","ocean_menu_typo_font_weight_tablet":"","ocean_menu_typo_font_weight_mobile":"","ocean_menu_typo_transform":"","ocean_menu_typo_transform_tablet":"","ocean_menu_typo_transform_mobile":"","ocean_menu_typo_line_height":0,"ocean_menu_typo_line_height_tablet":0,"ocean_menu_typo_line_height_mobile":0,"ocean_menu_typo_line_height_unit":"","ocean_menu_typo_spacing":0,"ocean_menu_typo_spacing_tablet":0,"ocean_menu_typo_spacing_mobile":0,"ocean_menu_typo_spacing_unit":"","ocean_menu_link_color":"","ocean_menu_link_color_hover":"","ocean_menu_link_color_active":"","ocean_menu_link_background":"","ocean_menu_link_hover_background":"","ocean_menu_link_active_background":"","ocean_menu_social_links_bg":"","ocean_menu_social_hover_links_bg":"","ocean_menu_social_links_color":"","ocean_menu_social_hover_links_color":"","ocean_disable_title":"on","ocean_disable_heading":"default","ocean_post_title":"","ocean_post_subheading":"","ocean_post_title_style":"","ocean_post_title_background_color":"","ocean_post_title_background":0,"ocean_post_title_bg_image_position":"","ocean_post_title_bg_image_attachment":"","ocean_post_title_bg_image_repeat":"","ocean_post_title_bg_image_size":"","ocean_post_title_height":0,"ocean_post_title_bg_overlay":0.5,"ocean_post_title_bg_overlay_color":"","ocean_disable_breadcrumbs":"default","ocean_breadcrumbs_color":"","ocean_breadcrumbs_separator_color":"","ocean_breadcrumbs_links_color":"","ocean_breadcrumbs_links_hover_color":"","ocean_display_footer_widgets":"default","ocean_display_footer_bottom":"default","ocean_custom_footer_template":"0","osh_disable_topbar_sticky":"default","osh_disable_header_sticky":"default","osh_sticky_header_style":"default","osh_sticky_header_effect":"","osh_custom_sticky_logo":0,"osh_custom_retina_sticky_logo":0,"osh_custom_sticky_logo_height":0,"osh_background_color":"","osh_links_color":"","osh_links_hover_color":"","osh_links_active_color":"","osh_links_bg_color":"","osh_links_hover_bg_color":"","osh_links_active_bg_color":"","osh_menu_social_links_color":"","osh_menu_social_hover_links_color":"","footnotes":""},"categoria_pagina":[],"class_list":["post-9674","page","type-page","status-publish","hentry","entry"],"acf":[],"_links":{"self":[{"href":"https:\/\/restaurantisard.com\/ca\/wp-json\/wp\/v2\/pages\/9674","targetHints":{"allow":["GET"]}}],"collection":[{"href":"https:\/\/restaurantisard.com\/ca\/wp-json\/wp\/v2\/pages"}],"about":[{"href":"https:\/\/restaurantisard.com\/ca\/wp-json\/wp\/v2\/types\/page"}],"author":[{"embeddable":true,"href":"https:\/\/restaurantisard.com\/ca\/wp-json\/wp\/v2\/users\/4"}],"replies":[{"embeddable":true,"href":"https:\/\/restaurantisard.com\/ca\/wp-json\/wp\/v2\/comments?post=9674"}],"version-history":[{"count":0,"href":"https:\/\/restaurantisard.com\/ca\/wp-json\/wp\/v2\/pages\/9674\/revisions"}],"wp:attachment":[{"href":"https:\/\/restaurantisard.com\/ca\/wp-json\/wp\/v2\/media?parent=9674"}],"wp:term":[{"taxonomy":"categoria_pagina","embeddable":true,"href":"https:\/\/restaurantisard.com\/ca\/wp-json\/wp\/v2\/categoria_pagina?post=9674"}],"curies":[{"name":"wp","href":"https:\/\/api.w.org\/{rel}","templated":true}]}}